{"id":988302,"date":"2022-07-21T11:25:39","date_gmt":"2022-07-21T09:25:39","guid":{"rendered":"https:\/\/www.agriovo.com\/?page_id=988302"},"modified":"2022-07-21T11:25:39","modified_gmt":"2022-07-21T09:25:39","slug":"termini-e-condizioni-di-utilizzo","status":"publish","type":"page","link":"https:\/\/www.agriovo.com\/index.php\/termini-e-condizioni-di-utilizzo\/","title":{"rendered":"Termini e condizioni di utilizzo"},"content":{"rendered":"<div class=\"vgblk-rw-wrapper limit-wrapper\">\n<p>Il sito internet www.agriovo.com (il \u201cSito\u201d) \u00e8 un servizio di informazioni on line fornito da Avicoltura Moderna Srl Socio Unico. L\u2019utilizzo del Sito implica per l\u2019utente la conoscenza dei termini e delle condizioni qui di seguito stabilite.<\/p>\n\n\n\n<h2 class=\"wp-block-heading\">LIMITI ALL\u2019UTILIZZO<\/h2>\n\n\n\n<p>Il materiale contenuto nel Sito \u00e8 protetto da copyright. La documentazione, le immagini, i caratteri, il lavoro artistico, la grafica, il software applicativo e tutti i codici e format scripts utilizzati per implementare il Sito sono di propriet\u00e0 di Avicoltura Moderna Srl Socio Unico. Se non espressamente previsto, i contenuti del Sito non possono, n\u00e9 in tutto n\u00e9 in parte, essere copiati, modificati, riprodotti, trasferiti, caricati, scaricati, pubblicati o distribuiti in qualsiasi modo senza il preventivo consenso scritto della Avicoltura Moderna Srl Socio Unico. \u00c8 fatta salva la possibilit\u00e0 di immagazzinare tali contenuti nel proprio computer o di stampare estratti delle pagine del Sito ad uso esclusivamente personale. I marchi e i loghi presenti nel Sito sono di propriet\u00e0 della Avicoltura Moderna Srl Socio Unico. Essi non possono essere utilizzati su alcun altro sito internet diverso dal Sito o su altri mezzi di comunicazione senza il preventivo consenso della Avicoltura Moderna Srl Socio Unico.<\/p>\n\n\n\n<h2 class=\"wp-block-heading\">LIMITI DI RESPONSABILIT\u00c1<\/h2>\n\n\n\n<p>Nessuna responsabilit\u00e0 viene assunta in relazione sia al contenuto di quanto pubblicato sul Sito ed all\u2019uso che terzi ne potranno fare, sia per le eventuali contaminazioni derivanti dall\u2019accesso, dall\u2019interconnessione, dallo scarico di materiale dal Sito. Pertanto la Avicoltura Moderna Srl Socio Unico non sar\u00e0 tenuta per qualsiasi titolo a rispondere in ordine a danni, perdite, pregiudizi di alcun genere che terzi potranno subire a causa del contatto intervenuto con il Sito oppure a seguito dell\u2019uso di quanto nello stesso pubblicato cos\u00ec come dei software impiegati.<\/p>\n\n\n\n<h2 class=\"wp-block-heading\">LINK<\/h2>\n\n\n\n<p>Avicoltura Moderna Srl Socio Unico non assume alcuna responsabilit\u00e0 per materiali creati o pubblicati da terzi con i quali il Sito abbia un collegamento ipertestuale (&#8220;link&#8221;). L\u2019utente che decide di visitare un sito internet collegato al Sito www.agriovo.com lo fa a suo rischio, assumendosi l\u2019onere di prendere tutte le misure necessarie contro virus od altri elementi distruttivi.<\/p>\n\n\n\n<h2 class=\"wp-block-heading\">TUTELA DEI DATI PERSONALI<\/h2>\n\n\n\n<p>Nessun dato personale verr\u00e0 richiesto ai visitatori per l\u2019accesso al Sito. Qualora fossero richiesti dei dati personali per fruire di particolari servizi, il visitatore dovr\u00e0 darne esplicitamente il consenso al trattamento ai Titolare del trattamento: Avicoltura Moderna Srl Socio Unico, Sede legale Localit\u00e0 Grataglie, 84025 Eboli, Salerno \u2013 Italia. Ai sensi del D. Lgs. 30 giugno 2003 n. 196, Codice in materia di protezione dei dati personali.<\/p>\n\n\n\n<h2 class=\"wp-block-heading\">LEGGE E GIURISDIZIONE<\/h2>\n\n\n\n<p>Le presenti condizioni sono regolate dalla legge italiana. Il Foro di Salerno, Italia, avr\u00e0 giurisdizione e competenza esclusiva per eventuali controversie comunque connesse ai presenti termini e condizioni.<\/p>\n\n\n\n<p>Copyright 2022 Avicoltura Moderna Srl Socio Unico. Tutti i diritti riservati.<\/p>\n<\/div><!-- .vgblk-rw-wrapper -->","protected":false},"excerpt":{"rendered":"<p>Il sito internet www.agriovo.com (il \u201cSito\u201d) \u00e8 un servizio di informazioni on line fornito da Avicoltura Moderna Srl Socio Unico. L\u2019utilizzo del Sito implica per l\u2019utente la conoscenza dei termini e delle condizioni qui di seguito stabilite. LIMITI ALL\u2019UTILIZZO Il materiale contenuto nel Sito \u00e8 protetto da copyright. La documentazione, le immagini, i caratteri, il&#8230;<\/p>\n","protected":false},"author":1,"featured_media":0,"parent":0,"menu_order":0,"comment_status":"closed","ping_status":"closed","template":"","meta":{"footnotes":""},"_links":{"self":[{"href":"https:\/\/www.agriovo.com\/index.php\/wp-json\/wp\/v2\/pages\/988302"}],"collection":[{"href":"https:\/\/www.agriovo.com\/index.php\/wp-json\/wp\/v2\/pages"}],"about":[{"href":"https:\/\/www.agriovo.com\/index.php\/wp-json\/wp\/v2\/types\/page"}],"author":[{"embeddable":true,"href":"https:\/\/www.agriovo.com\/index.php\/wp-json\/wp\/v2\/users\/1"}],"replies":[{"embeddable":true,"href":"https:\/\/www.agriovo.com\/index.php\/wp-json\/wp\/v2\/comments?post=988302"}],"version-history":[{"count":0,"href":"https:\/\/www.agriovo.com\/index.php\/wp-json\/wp\/v2\/pages\/988302\/revisions"}],"wp:attachment":[{"href":"https:\/\/www.agriovo.com\/index.php\/wp-json\/wp\/v2\/media?parent=988302"}],"curies":[{"name":"wp","href":"https:\/\/api.w.org\/{rel}","templated":true}]}}