{"id":988299,"date":"2022-07-21T11:22:02","date_gmt":"2022-07-21T09:22:02","guid":{"rendered":"https:\/\/www.agriovo.com\/?page_id=988299"},"modified":"2022-07-21T11:22:02","modified_gmt":"2022-07-21T09:22:02","slug":"privacy-policy","status":"publish","type":"page","link":"https:\/\/www.agriovo.com\/index.php\/privacy-policy\/","title":{"rendered":"Privacy Policy"},"content":{"rendered":"<div class=\"vgblk-rw-wrapper limit-wrapper\">\n<h1 class=\"wp-block-heading\">PRIVACY POLICY SITO AGRIOVO \u2013 AVICOLTURA MODERNA S.R.L.<\/h1>\n\n\n\n<p>Avicoltura Moderna Srl Socio Unico, Sede legale Localit\u00e0 Grataglie, 84025 Eboli, Salerno \u2013 Italia, in qualit\u00e0 di Titolare del trattamento dei dati, ai sensi dell\u2019art.13 del Reg.UE 2016\/679 con la presente informa che i dati personali fornitici saranno oggetto di trattamento per evadere la richiesta di registrazione al sito\u00a0<a href=\"https:\/\/www.agriovo.com\" data-type=\"URL\" data-id=\"https:\/\/www.agriovo.com\" target=\"_blank\" rel=\"noreferrer noopener\">https:\/\/www.agriovo.com<\/a>\u00a0e\/o la richiesta di qualsiasi servizio a disposizione dell\u2019Utente.<\/p>\n\n\n\n<h2 class=\"wp-block-heading\">TIPOLOGIA DI INFORMAZIONI RACCOLTE<\/h2>\n\n\n\n<p>In occasione di contatto o interazione con l&#8217;Utente possiamo raccogliere informazioni personali necessari al funzionamento del Sito e\/o dati volontariamente forniti dall\u2019utente per poter usufruire di alcune specifiche funzionalit\u00e0. Nella fattispecie, tali dati personali possono includere:<\/p>\n\n\n\n<ul><li>Dati di navigazione del sito e la cui trasmissione \u00e8 implicita e necessaria al funzionamento del Sito;<\/li><li>Le Sue informazioni di contatto;<\/li><li>Informazioni di caratteristiche personali, quali nazionalit\u00e0, data e luogo di nascita (previo consenso esplicito dell\u2019Utente)<\/li><li>Preferenze, previo consenso, riguardo a marketing e comunicazione (previo consenso e\/o esplicita registrazione nella sezione newsletter).<\/li><li>Previo consenso esplicito dell\u2019utente, dati di localizzazione, file e contenuti multimediali presenti sul dispositivo utilizzato.<\/li><\/ul>\n\n\n\n<h2 class=\"wp-block-heading\">INFORMAZIONI CHE RACCOGLIAMO DA TERZE PARTI<\/h2>\n\n\n\n<p>Possiamo anche raccogliere informazioni su di te da terze parti, fra cui informazioni da altre societ\u00e0 controllate e collegate alla Avicoltura Moderna Srl Socio Unico. Possiamo aggiungere tali informazioni a quelle di cui gi\u00e0 disponiamo in archivio e condividerle con altri in base a quanto stabilito in questa informativa.<\/p>\n\n\n\n<h2 class=\"wp-block-heading\">FINALIT\u00c0 DEL TRATTAMENTO<\/h2>\n\n\n\n<p>Le finalit\u00e0 del trattamento dati sono:<br>a) L\u2019iscrizione e l\u2019accesso al sito\u00a0<a href=\"https:\/\/www.agriovo.com\" data-type=\"URL\" data-id=\"https:\/\/www.agriovo.com\" target=\"_blank\" rel=\"noreferrer noopener\">https:\/\/www.agriovo.com<\/a>\u00a0,<br>b) Funzionamento del Sito, erogazione dei servizi connessi e garanzia del corretto funzionamento degli stessi;<br>c) Gestione dei servizi offerti all\u2019Utente ed evasione delle Sue specifiche richieste;<br>d) Adempimenti di legge connessi a norme civilistiche, fiscali, contabili, etc.; gestione amministrativa del rapporto; supporto tecnico e informazione tecnica e assistenza post-vendita in merito ai prodotti e ai servizi da voi acquisiti;<br>e) Verifica della soddisfazione degli utenti e analisi di mercato;<br>f) Analisi statistica anche per finalit\u00e0 di marketing;<br>g) Informazioni su iniziative commerciali, annunci di nuovi prodotti, servizi e offerte, invio di materiale pubblicitario, vendita diretta, ricerche di mercato, comunicazione commerciale interattiva da parte di Avicoltura Moderna Srl Socio Unico (previo consenso).<\/p>\n\n\n\n<h2 class=\"wp-block-heading\">BASE GIURIDICA DEL TRATTAMENTO E NATURA DEL CONFERIMENTO DEI DATI<\/h2>\n\n\n\n<p>La base giuridica del trattamento dei dati personali risiede nell\u2019esecuzione di un contratto di cui l\u2019utente \u00e8 Parte e\/o di misure precontrattuali adottate su richiesta dell\u2019utente stesso (<em>art.6, par.1, lett.b del GDPR<\/em>) o, talvolta, per alcune tipologie di trattamento risiede nel consenso esplicito dell\u2019utente ((<em>art.6, par.1, lett.a del GDPR<\/em>) (ad esempio il trattamento dei dati personali per ulteriori finalit\u00e0 di comunicazioni promozionali, profilazione, etc). Il conferimento dei dati \u00e8 obbligatorio per espletamento delle finalit\u00e0 ai punti a., b., c. e d. Il rifiuto a conferire tali dati determiner\u00e0 unicamente l\u2019impossibilit\u00e0 di iscriversi al sito e l\u2019esplicazione dei servizi da noi forniti. La natura del conferimento dei Suoi dati per finalit\u00e0 di cui ai punti e., f. e g. \u00e8 facoltativa. Il Suo rifiuto comporter\u00e0 l\u2019impossibilit\u00e0 per il Titolare di dare seguito alle relative attivit\u00e0 e non compromette l\u2019iscrizione al sito.<\/p>\n\n\n\n<h2 class=\"wp-block-heading\">MODALIT\u00c0 DI TRATTAMENTO<\/h2>\n\n\n\n<p>Il trattamento dei Suoi dati avr\u00e0 luogo prevalentemente con modalit\u00e0 automatizzate ed informatiche, sempre nel massimo rispetto delle regole di riservatezza e di sicurezza previste dalla legge e con piena assicurazione delle misure di sicurezza adeguate a minimizzare il rischio di distruzione, perdita, accesso non autorizzato o non permesso o non compatibile con lo scopo della raccolta dei dati personali.<\/p>\n\n\n\n<h2 class=\"wp-block-heading\">DESTINATARI DEI DATI<\/h2>\n\n\n\n<p>Per le finalit\u00e0 sopraindicate i dati potranno essere oggetto di comunicazione e diffusione a responsabili e\/o incaricati interni ed esterni alla Avicoltura Moderna Srl Socio Unico e non verranno diffusi a soggetti terzi non autorizzati. Potranno essere diffusi a subfornitori, subappaltatori e intermediari finanziari della Avicoltura Moderna Srl Socio Unico, ove impegnati nella esecuzione di vostri ordini o in trattamenti correlati alle finalit\u00e0 di cui sopra.<\/p>\n\n\n\n<h2 class=\"wp-block-heading\">TEMPI DI CONSERVAZIONE<\/h2>\n\n\n\n<p>Il Titolare del trattamento conserva e tratta i dati personali per il tempo strettamente necessario allo svolgimento del servizio richiesto dall\u2019Utente, o necessario ad adempiere alle finalit\u00e0 descritte in questo documento. Al termine del periodo di conservazione, i dati saranno cancellati ovvero resi anonimi in maniera permanente e irreversibile.<\/p>\n\n\n\n<h2 class=\"wp-block-heading\">TRASFERIMENTO DEI DATI<\/h2>\n\n\n\n<p>Non \u00e8 previsto il trasferimento dei dati personali in Paesi terzi.<\/p>\n\n\n\n<h2 class=\"wp-block-heading\">REVOCA DEL CONSENSO<\/h2>\n\n\n\n<p>Con riferimento all\u2019art. 7, comma 3, del Reg. UE 2016\/679, l\u2019interessato pu\u00f2 revocare, in qualsiasi momento, un consenso precedentemente rilasciato.<\/p>\n\n\n\n<h2 class=\"wp-block-heading\">IDENTIFICATIVI DEL TITOLARE DEL TRATTAMENTO DEI DATI<\/h2>\n\n\n\n<p>Il Titolare del trattamento, identificato nella persona del titolare e legale rappresentante della Avicoltura Moderna Srl Socio Unico, Sede legale Localit\u00e0 Grataglie, 84025 Eboli, Salerno \u2013 Italia, garantisce la sicurezza, la riservatezza e la protezione di cui sono in possesso, in qualsiasi fase del processo di trattamento degli stessi.<\/p>\n\n\n\n<h2 class=\"wp-block-heading\">DIRITTI DELL\u2019INTERESSATO<\/h2>\n\n\n\n<p>La informiamo che in qualit\u00e0 di interessato al trattamento dei dati personali ha diritto, ai sensi dell\u2019art. 15 del Reg.UE 2016\/679, di ottenere dal titolare del trattamento la conferma che sia o meno in corso un trattamento di dati personali che lo riguardano e in tal caso, di ottenere l\u2019accesso ai dati personali e alle informazioni riguardanti il trattamento. Inoltre, potr\u00e0 esercitare i diritti esposti dagli artt. da 16 a 22 del Reg.UE 2016\/679: Diritto di rettifica (art.16), Diritto all\u2019oblio (art.17), Diritto di limitazione del trattamento (art.18), obbligo di notifica in caso di rettifica o cancellazione dei dati personali o limitazione del trattamento (art.19), Diritto alla portabilit\u00e0 dei dati (art.20), Diritto di opposizione (art.21), anche a qualsiasi processo decisionale automatizzato relativo alle persone fisiche, compresa la profilazione (art.22).<br>Per esercitare i diritti sopra elencati, Lei potr\u00e0 inviare una richiesta al Titolare del trattamento inviando una e-mail all\u2019indirizzo di posta\u00a0<a href=\"amministrazione@agriovo.com\" data-type=\"URL\" data-id=\"amministrazione@agriovo.com\">amministrazione@agriovo.com<\/a>, e qualora ritenga che il trattamento che lo riguarda violi le disposizioni di cui al Reg.UE 2016\/679, pu\u00f2 sempre proporre reclamo all\u2019autorit\u00e0 Garante per la protezione dei dati personali tramite il modulo e la procedura indicata sul sito e consultabile al link\u00a0<a rel=\"noreferrer noopener\" href=\"https:\/\/www.garanteprivacy.it\/home\/docweb\/-\/docweb-display\/docweb\/4535524\" target=\"_blank\">https:\/\/www.garanteprivacy.it\/home\/docweb\/-\/docweb-display\/docweb\/4535524<\/a>.<\/p>\n\n\n\n<h1 class=\"wp-block-heading\">INFORMATIVA RELATIVA AL TRATTAMENTO DEI DATI PERSONALI &#8211; SEZIONE SHOP ONLINE<\/h1>\n\n\n\n<p>Ai sensi dell\u2019art. 13 del Regolamento UE 2016\/679 recante disposizioni in materia di protezione dei dati personali, Le comunichiamo che i Suoi dati personali, registrati attraverso la presente sezione &#8216;Shop Online&#8217;, saranno trattati dal Titolare del trattamento, la Avicoltura Moderna Srl Socio Unico, come di seguito esposto.<\/p>\n\n\n\n<h2 class=\"wp-block-heading\">NATURA DEI DATI<\/h2>\n\n\n\n<p>Costituiscono oggetto di trattamento i Suoi dati personali quali nome, cognome, indirizzo, numero civico, citt\u00e0, CAP, cellulare, provincia, nazione.<\/p>\n\n\n\n<h2 class=\"wp-block-heading\">FINALIT\u00c0 DEL TRATTAMENTO<\/h2>\n\n\n\n<p>I dati da Lei forniti in fase di richiesta di servizio saranno trattati esclusivamente per l\u2019erogazione e l\u2019elaborazione dell\u2019ordine di acquisto a Suo carico.<\/p>\n\n\n\n<h2 class=\"wp-block-heading\">BASE GIURIDICA DEL TRATTAMENTO E NATURA DEL CONFERIMENTO DEI DATI<\/h2>\n\n\n\n<p>Il trattamento dei dati personali si rende necessario al fine di dare esecuzione a misure precontrattuali adottate su richiesta dell\u2019interessato (<em>art. 6 par. 1, lett. b) del Reg.UE 2016\/679<\/em>), vale a dire per elaborare e fornirLe l\u2019ordine d\u2019acquisto richiesto. Il conferimento dei dati stessi \u00e8 volontario ma necessario per espletamento delle finalit\u00e0 su indicate; pertanto, il rifiuto al rilascio determiner\u00e0 unicamente l\u2019impossibilit\u00e0 di trattare i Suoi dati per le finalit\u00e0 di cui sopra.<\/p>\n\n\n\n<h2 class=\"wp-block-heading\">MODALIT\u00c0 DEL TRATTAMENTO<\/h2>\n\n\n\n<p>In relazione alle indicate finalit\u00e0 i Suoi dati verranno trattati in modo lecito, secondo correttezza e con la massima riservatezza, con il supporto di mezzi cartacei e informatici, nel rispetto delle misure di sicurezza di cui dagli artt. 32 al 35 del Reg.UE 2016\/679. I Suoi dati personali saranno trattati da personale interno alla Avicoltura Moderna Srl Socio Unico che, in qualit\u00e0 di autorizzato al trattamento (ex art.29 del Reg.UE 2016\/679), agir\u00e0 sotto la diretta subordinazione e supervisione del Titolare del trattamento e nel rispetto delle istruzioni operative da questi ricevute.<\/p>\n\n\n\n<h2 class=\"wp-block-heading\">DESTINATARI O CATEGORIE DI DESTINATARI DEI DATI<\/h2>\n\n\n\n<p>Per il perseguimento delle finalit\u00e0 sopraindicate i Suoi dati potranno essere oggetto di comunicazione e diffusione a responsabili esterni alla Avicoltura Moderna Srl Socio Unico appositamente nominati quali Responsabili del trattamento, ai sensi dell\u2019art.28 del Reg.UE 2016\/679 e non verranno diffusi a soggetti terzi non autorizzati. Avr\u00e0 sempre la possibilit\u00e0 di ricevere, dietro espressa richiesta inviata all\u2019e-mail\u00a0<a href=\"mailto:amministrazione@agriovo.com\" data-type=\"mailto\" data-id=\"mailto:amministrazione@agriovo.com\">amministrazione@agriovo.com<\/a>, l\u2019elenco completo dei Responsabili del trattamento a cui i Suoi dati potranno essere comunicati.<\/p>\n\n\n\n<h2 class=\"wp-block-heading\">TRASFERIMENTO DEI DATI<\/h2>\n\n\n\n<p>Il Titolare del trattamento non trasferisce i dati personali in Paesi terzi.<\/p>\n\n\n\n<h2 class=\"wp-block-heading\">CONSERVAZIONE DEI DATI<\/h2>\n\n\n\n<p>I dati personali da Lei forniti saranno conservati per il tempo necessario ad adempiere alle finalit\u00e0 indicate o per periodi maggiori secondo quanto previsto dalla Legge. Al termine del periodo di conservazione, i dati saranno cancellati ovvero resi anonimi in maniera permanente e irreversibile.<\/p>\n\n\n\n<h2 class=\"wp-block-heading\">DIRITTI DELL\u2019INTERESSATO<\/h2>\n\n\n\n<p>La informiamo che in qualit\u00e0 di interessato al trattamento dei dati personali ha diritto, ai sensi dell\u2019art. 15 del Reg.UE 2016\/679, di ottenere dal titolare del trattamento la conferma che sia o meno in corso un trattamento di dati personali che lo riguardano e in tal caso, di ottenere l\u2019accesso ai dati personali e alle informazioni riguardanti il trattamento. Inoltre, potr\u00e0 esercitare i diritti esposti dagli artt. da 16 a 22 del Reg.UE 2016\/679: Diritto di rettifica (art.16), Diritto all\u2019oblio (art.17), Diritto di limitazione del trattamento (art.18), obbligo di notifica in caso di rettifica o cancellazione dei dati personali o limitazione del trattamento (art.19), Diritto alla portabilit\u00e0 dei dati (art.20), Diritto di opposizione (art.21), anche a qualsiasi processo decisionale automatizzato relativo alle persone fisiche, compresa la profilazione (art.22).<br>Per esercitare i diritti sopra elencati, Lei potr\u00e0 inviare una richiesta al Titolare del trattamento inviando una e-mail all\u2019indirizzo di posta\u00a0<a href=\"mailto:amministrazione@agriovo.com\" data-type=\"mailto\" data-id=\"mailto:amministrazione@agriovo.com\">amministrazione@agriovo.com<\/a>, e qualora ritenga che il trattamento che lo riguarda violi le disposizioni di cui al Reg.UE 2016\/679, pu\u00f2 sempre proporre reclamo all\u2019autorit\u00e0 Garante per la protezione dei dati personali tramite il modulo e la procedura indicata sul sito e consultabile al link\u00a0<a rel=\"noreferrer noopener\" href=\"https:\/\/www.garanteprivacy.it\/home\/docweb\/-\/docweb-display\/docweb\/4535524\" target=\"_blank\">https:\/\/www.garanteprivacy.it\/home\/docweb\/-\/docweb-display\/docweb\/4535524<\/a>.<\/p>\n\n\n\n<h2 class=\"wp-block-heading\">ESTREMI IDENTIFICATIVI DEL TITOLARE DEL TRATTAMENTO<\/h2>\n\n\n\n<p>Il Titolare del trattamento dei dati \u00e8\u00a0Avicoltura Moderna Srl Socio Unico, nella persona del suo legale rapp.te p.t, con sede legale, Sede legale Localit\u00e0 Grataglie, 84025 Eboli, Salerno \u2013 Italia.<\/p>\n<\/div><!-- .vgblk-rw-wrapper -->","protected":false},"excerpt":{"rendered":"<p>PRIVACY POLICY SITO AGRIOVO \u2013 AVICOLTURA MODERNA S.R.L. Avicoltura Moderna Srl Socio Unico, Sede legale Localit\u00e0 Grataglie, 84025 Eboli, Salerno \u2013 Italia, in qualit\u00e0 di Titolare del trattamento dei dati, ai sensi dell\u2019art.13 del Reg.UE 2016\/679 con la presente informa che i dati personali fornitici saranno oggetto di trattamento per evadere la richiesta di registrazione&#8230;<\/p>\n","protected":false},"author":1,"featured_media":0,"parent":0,"menu_order":0,"comment_status":"closed","ping_status":"closed","template":"","meta":{"footnotes":""},"_links":{"self":[{"href":"https:\/\/www.agriovo.com\/index.php\/wp-json\/wp\/v2\/pages\/988299"}],"collection":[{"href":"https:\/\/www.agriovo.com\/index.php\/wp-json\/wp\/v2\/pages"}],"about":[{"href":"https:\/\/www.agriovo.com\/index.php\/wp-json\/wp\/v2\/types\/page"}],"author":[{"embeddable":true,"href":"https:\/\/www.agriovo.com\/index.php\/wp-json\/wp\/v2\/users\/1"}],"replies":[{"embeddable":true,"href":"https:\/\/www.agriovo.com\/index.php\/wp-json\/wp\/v2\/comments?post=988299"}],"version-history":[{"count":0,"href":"https:\/\/www.agriovo.com\/index.php\/wp-json\/wp\/v2\/pages\/988299\/revisions"}],"wp:attachment":[{"href":"https:\/\/www.agriovo.com\/index.php\/wp-json\/wp\/v2\/media?parent=988299"}],"curies":[{"name":"wp","href":"https:\/\/api.w.org\/{rel}","templated":true}]}}